{"id":4786,"date":"2024-04-21T13:29:49","date_gmt":"2024-04-21T13:29:49","guid":{"rendered":"https:\/\/assekuransa.com\/web2024\/?page_id=4786"},"modified":"2025-02-03T18:20:03","modified_gmt":"2025-02-03T18:20:03","slug":"formularios","status":"publish","type":"page","link":"https:\/\/viejaweb.assekuransa.com\/web2024\/formularios\/","title":{"rendered":"Formularios"},"content":{"rendered":"\t\t<div data-elementor-type=\"wp-page\" data-elementor-id=\"4786\" class=\"elementor elementor-4786\" data-elementor-post-type=\"page\">\n\t\t\t\t<div class=\"elementor-element elementor-element-9bd4604 e-con-full e-flex e-con e-parent\" data-id=\"9bd4604\" data-element_type=\"container\" data-settings=\"{&quot;background_background&quot;:&quot;classic&quot;,&quot;background_motion_fx_motion_fx_scrolling&quot;:&quot;yes&quot;,&quot;background_motion_fx_range&quot;:&quot;page&quot;,&quot;background_motion_fx_devices&quot;:[&quot;desktop&quot;,&quot;laptop&quot;,&quot;tablet&quot;,&quot;mobile&quot;]}\">\n\t\t<div class=\"elementor-element elementor-element-1c22909 e-flex e-con-boxed e-con e-child\" data-id=\"1c22909\" data-element_type=\"container\" data-settings=\"{&quot;position&quot;:&quot;absolute&quot;,&quot;background_background&quot;:&quot;classic&quot;}\">\n\t\t\t\t\t<div class=\"e-con-inner\">\n\t\t\t\t<div class=\"elementor-element elementor-element-b58fd46 elementor-widget__width-initial elementor-widget elementor-widget-heading\" data-id=\"b58fd46\" data-element_type=\"widget\" data-widget_type=\"heading.default\">\n\t\t\t\t<div class=\"elementor-widget-container\">\n\t\t\t<h2 class=\"elementor-heading-title elementor-size-default\">Accede a los \nformularios aqu\u00ed<\/h2>\t\t<\/div>\n\t\t\t\t<\/div>\n\t\t\t\t\t<\/div>\n\t\t\t\t<\/div>\n\t\t\t\t<\/div>\n\t\t<div class=\"elementor-element elementor-element-3f35b50 e-flex e-con-boxed e-con e-parent\" data-id=\"3f35b50\" data-element_type=\"container\">\n\t\t\t\t\t<div class=\"e-con-inner\">\n\t\t<div class=\"elementor-element elementor-element-6b520b5 e-con-full e-flex e-con e-child\" data-id=\"6b520b5\" data-element_type=\"container\">\n\t\t\t\t<div class=\"elementor-element elementor-element-5986433 elementor-widget elementor-widget-heading\" data-id=\"5986433\" data-element_type=\"widget\" data-widget_type=\"heading.default\">\n\t\t\t\t<div class=\"elementor-widget-container\">\n\t\t\t<h2 class=\"elementor-heading-title elementor-size-default\">Gestiona<br>\ntu seguro <br>\ncon eficacia<\/h2>\t\t<\/div>\n\t\t\t\t<\/div>\n\t\t\t\t<\/div>\n\t\t<div class=\"elementor-element elementor-element-fd92537 e-con-full e-flex e-con e-child\" data-id=\"fd92537\" data-element_type=\"container\">\n\t\t\t\t<div class=\"elementor-element elementor-element-399d170 elementor-widget-mobile__width-initial elementor-widget elementor-widget-heading\" data-id=\"399d170\" data-element_type=\"widget\" data-widget_type=\"heading.default\">\n\t\t\t\t<div class=\"elementor-widget-container\">\n\t\t\t<h6 class=\"elementor-heading-title elementor-size-default\">Accede a los formularios que necesites para realizar tu gesti\u00f3n con comodidad. Ante cualquier duda, cons\u00faltanos, \u00a1nos encanta atender sus inquietudes!<\/h6>\t\t<\/div>\n\t\t\t\t<\/div>\n\t\t\t\t<\/div>\n\t\t\t\t\t<\/div>\n\t\t\t\t<\/div>\n\t\t<div class=\"elementor-element elementor-element-ced318f e-flex e-con-boxed e-con e-parent\" data-id=\"ced318f\" data-element_type=\"container\">\n\t\t\t\t\t<div class=\"e-con-inner\">\n\t\t<div class=\"elementor-element elementor-element-f3a1a46 e-con-full e-flex e-con e-child\" data-id=\"f3a1a46\" data-element_type=\"container\">\n\t\t\t\t<div class=\"elementor-element elementor-element-8a6e4b6 elementor-widget elementor-widget-heading\" data-id=\"8a6e4b6\" data-element_type=\"widget\" data-widget_type=\"heading.default\">\n\t\t\t\t<div class=\"elementor-widget-container\">\n\t\t\t<h2 class=\"elementor-heading-title elementor-size-default\">Seguro de Transporte<br>\nde Mercanc\u00edas<\/h2>\t\t<\/div>\n\t\t\t\t<\/div>\n\t\t\t\t<\/div>\n\t\t<div class=\"elementor-element elementor-element-4d21bc6 e-con-full e-flex e-con e-child\" data-id=\"4d21bc6\" data-element_type=\"container\">\n\t\t\t\t<div class=\"elementor-element elementor-element-5a96893 elementor-widget elementor-widget-heading\" data-id=\"5a96893\" data-element_type=\"widget\" data-widget_type=\"heading.default\">\n\t\t\t\t<div class=\"elementor-widget-container\">\n\t\t\t<h6 class=\"elementor-heading-title elementor-size-default\">Seguro Manual - Mercanc\u00edas<\/h6>\t\t<\/div>\n\t\t\t\t<\/div>\n\t\t\t\t<div class=\"elementor-element elementor-element-15eae7d elementor-widget elementor-widget-text-editor\" data-id=\"15eae7d\" data-element_type=\"widget\" data-widget_type=\"text-editor.default\">\n\t\t\t\t<div class=\"elementor-widget-container\">\n\t\t\t\t\t\t\t<p>Este formulario est\u00e1 destinado exclusivamente para clientes registrados. Debe ser utilizado en situaciones en las que no sea posible emitir su seguro a trav\u00e9s del sistema, ya sea debido a una interrupci\u00f3n del servicio o por indicaci\u00f3n expresa de su ejecutivo comercial, especialmente en el caso de cotizaciones especiales.<\/p>\t\t\t\t\t\t<\/div>\n\t\t\t\t<\/div>\n\t\t\t\t<div class=\"elementor-element elementor-element-01be664 elementor-widget elementor-widget-button\" data-id=\"01be664\" data-element_type=\"widget\" data-widget_type=\"button.default\">\n\t\t\t\t<div class=\"elementor-widget-container\">\n\t\t\t\t\t\t\t<div class=\"elementor-button-wrapper\">\n\t\t\t\t\t<a class=\"elementor-button elementor-button-link elementor-size-sm\" href=\"https:\/\/viejaweb.assekuransa.com\/web2024\/formularios-seguro-manual\/\">\n\t\t\t\t\t\t<span class=\"elementor-button-content-wrapper\">\n\t\t\t\t\t\t\t\t\t<span class=\"elementor-button-text\">INGRESAR<\/span>\n\t\t\t\t\t<\/span>\n\t\t\t\t\t<\/a>\n\t\t\t\t<\/div>\n\t\t\t\t\t\t<\/div>\n\t\t\t\t<\/div>\n\t\t\t\t<div class=\"elementor-element elementor-element-1c20547 elementor-widget-divider--view-line elementor-widget elementor-widget-divider\" data-id=\"1c20547\" data-element_type=\"widget\" data-widget_type=\"divider.default\">\n\t\t\t\t<div class=\"elementor-widget-container\">\n\t\t\t\t\t<div class=\"elementor-divider\">\n\t\t\t<span class=\"elementor-divider-separator\">\n\t\t\t\t\t\t<\/span>\n\t\t<\/div>\n\t\t\t\t<\/div>\n\t\t\t\t<\/div>\n\t\t\t\t<div class=\"elementor-element elementor-element-7131c0c elementor-widget elementor-widget-heading\" data-id=\"7131c0c\" data-element_type=\"widget\" data-widget_type=\"heading.default\">\n\t\t\t\t<div class=\"elementor-widget-container\">\n\t\t\t<h6 class=\"elementor-heading-title elementor-size-default\">Seguro Manual -  Contenedores<\/h6>\t\t<\/div>\n\t\t\t\t<\/div>\n\t\t\t\t<div class=\"elementor-element elementor-element-ea7b710 elementor-widget elementor-widget-text-editor\" data-id=\"ea7b710\" data-element_type=\"widget\" data-widget_type=\"text-editor.default\">\n\t\t\t\t<div class=\"elementor-widget-container\">\n\t\t\t\t\t\t\t<p>Formulario para solicitar el seguro para el retorno de los contenedores vac\u00edos.<\/p>\t\t\t\t\t\t<\/div>\n\t\t\t\t<\/div>\n\t\t\t\t<div class=\"elementor-element elementor-element-2dc749f elementor-widget elementor-widget-button\" data-id=\"2dc749f\" data-element_type=\"widget\" data-widget_type=\"button.default\">\n\t\t\t\t<div class=\"elementor-widget-container\">\n\t\t\t\t\t\t\t<div class=\"elementor-button-wrapper\">\n\t\t\t\t\t<a class=\"elementor-button elementor-button-link elementor-size-sm\" href=\"https:\/\/viejaweb.assekuransa.com\/web2024\/formularios-seguro-contenedores\/\">\n\t\t\t\t\t\t<span class=\"elementor-button-content-wrapper\">\n\t\t\t\t\t\t\t\t\t<span class=\"elementor-button-text\">INGRESAR<\/span>\n\t\t\t\t\t<\/span>\n\t\t\t\t\t<\/a>\n\t\t\t\t<\/div>\n\t\t\t\t\t\t<\/div>\n\t\t\t\t<\/div>\n\t\t\t\t<div class=\"elementor-element elementor-element-9667d94 elementor-widget-divider--view-line elementor-widget elementor-widget-divider\" data-id=\"9667d94\" data-element_type=\"widget\" data-widget_type=\"divider.default\">\n\t\t\t\t<div class=\"elementor-widget-container\">\n\t\t\t\t\t<div class=\"elementor-divider\">\n\t\t\t<span class=\"elementor-divider-separator\">\n\t\t\t\t\t\t<\/span>\n\t\t<\/div>\n\t\t\t\t<\/div>\n\t\t\t\t<\/div>\n\t\t\t\t<div class=\"elementor-element elementor-element-383137f elementor-widget elementor-widget-heading\" data-id=\"383137f\" data-element_type=\"widget\" data-widget_type=\"heading.default\">\n\t\t\t\t<div class=\"elementor-widget-container\">\n\t\t\t<h6 class=\"elementor-heading-title elementor-size-default\">Beneficiario USA<\/h6>\t\t<\/div>\n\t\t\t\t<\/div>\n\t\t\t\t<div class=\"elementor-element elementor-element-5fe2794 elementor-widget elementor-widget-text-editor\" data-id=\"5fe2794\" data-element_type=\"widget\" data-widget_type=\"text-editor.default\">\n\t\t\t\t<div class=\"elementor-widget-container\">\n\t\t\t\t\t\t\t<p>Este formulario est\u00e1 dirigido exclusivamente a clientes registrados. Debe ser utilizado cuando el titular de la carga sea de nacionalidad estadounidense o el tr\u00e1nsito a realizar sea netamente en Estados Unidos, en cuyo caso el seguro ser\u00e1 derivado a nuestro colaborador en dicho pa\u00eds.<\/p>\t\t\t\t\t\t<\/div>\n\t\t\t\t<\/div>\n\t\t\t\t<div class=\"elementor-element elementor-element-f75da52 elementor-widget elementor-widget-button\" data-id=\"f75da52\" data-element_type=\"widget\" data-widget_type=\"button.default\">\n\t\t\t\t<div class=\"elementor-widget-container\">\n\t\t\t\t\t\t\t<div class=\"elementor-button-wrapper\">\n\t\t\t\t\t<a class=\"elementor-button elementor-button-link elementor-size-sm\" href=\"https:\/\/viejaweb.assekuransa.com\/web2024\/formularios-beneficiario-usa\/\">\n\t\t\t\t\t\t<span class=\"elementor-button-content-wrapper\">\n\t\t\t\t\t\t\t\t\t<span class=\"elementor-button-text\">INGRESAR<\/span>\n\t\t\t\t\t<\/span>\n\t\t\t\t\t<\/a>\n\t\t\t\t<\/div>\n\t\t\t\t\t\t<\/div>\n\t\t\t\t<\/div>\n\t\t\t\t<div class=\"elementor-element elementor-element-2aa4110 elementor-widget-divider--view-line elementor-widget elementor-widget-divider\" data-id=\"2aa4110\" data-element_type=\"widget\" data-widget_type=\"divider.default\">\n\t\t\t\t<div class=\"elementor-widget-container\">\n\t\t\t\t\t<div class=\"elementor-divider\">\n\t\t\t<span class=\"elementor-divider-separator\">\n\t\t\t\t\t\t<\/span>\n\t\t<\/div>\n\t\t\t\t<\/div>\n\t\t\t\t<\/div>\n\t\t\t\t<div class=\"elementor-element elementor-element-cd34513 elementor-widget elementor-widget-heading\" data-id=\"cd34513\" data-element_type=\"widget\" data-widget_type=\"heading.default\">\n\t\t\t\t<div class=\"elementor-widget-container\">\n\t\t\t<h6 class=\"elementor-heading-title elementor-size-default\">Cotizaci\u00f3n de Carga Proyecto<\/h6>\t\t<\/div>\n\t\t\t\t<\/div>\n\t\t\t\t<div class=\"elementor-element elementor-element-74fbcf4 elementor-widget elementor-widget-text-editor\" data-id=\"74fbcf4\" data-element_type=\"widget\" data-widget_type=\"text-editor.default\">\n\t\t\t\t<div class=\"elementor-widget-container\">\n\t\t\t\t\t\t\t<p>Para proporcionarte una cotizaci\u00f3n precisa, necesitamos detalles sobre la carga y\u00a0la ruta que realizar\u00e1. Te pedimos que tomes un momento para completar nuestro formulario. Una vez que recibamos tu solicitud, nuestro equipo responder\u00e1 r\u00e1pidamente con todos los detalles necesarios para asegurar correctamente la carga. Ten en cuenta que, debido a la complejidad de algunos proyectos, es posible que necesitemos ampliar ciertos detalles.<\/p>\t\t\t\t\t\t<\/div>\n\t\t\t\t<\/div>\n\t\t\t\t<div class=\"elementor-element elementor-element-388ebe7 elementor-widget elementor-widget-button\" data-id=\"388ebe7\" data-element_type=\"widget\" data-widget_type=\"button.default\">\n\t\t\t\t<div class=\"elementor-widget-container\">\n\t\t\t\t\t\t\t<div class=\"elementor-button-wrapper\">\n\t\t\t\t\t<a class=\"elementor-button elementor-button-link elementor-size-sm\" href=\"https:\/\/viejaweb.assekuransa.com\/web2024\/formularios-carga-proyectos\/\">\n\t\t\t\t\t\t<span class=\"elementor-button-content-wrapper\">\n\t\t\t\t\t\t\t\t\t<span class=\"elementor-button-text\">INGRESAR<\/span>\n\t\t\t\t\t<\/span>\n\t\t\t\t\t<\/a>\n\t\t\t\t<\/div>\n\t\t\t\t\t\t<\/div>\n\t\t\t\t<\/div>\n\t\t\t\t<div class=\"elementor-element elementor-element-c57493c elementor-widget-divider--view-line elementor-widget elementor-widget-divider\" data-id=\"c57493c\" data-element_type=\"widget\" data-widget_type=\"divider.default\">\n\t\t\t\t<div class=\"elementor-widget-container\">\n\t\t\t\t\t<div class=\"elementor-divider\">\n\t\t\t<span class=\"elementor-divider-separator\">\n\t\t\t\t\t\t<\/span>\n\t\t<\/div>\n\t\t\t\t<\/div>\n\t\t\t\t<\/div>\n\t\t\t\t<div class=\"elementor-element elementor-element-0fc1c83 elementor-widget elementor-widget-heading\" data-id=\"0fc1c83\" data-element_type=\"widget\" data-widget_type=\"heading.default\">\n\t\t\t\t<div class=\"elementor-widget-container\">\n\t\t\t<h6 class=\"elementor-heading-title elementor-size-default\">Alta de clientes de Argentina<\/h6>\t\t<\/div>\n\t\t\t\t<\/div>\n\t\t\t\t<div class=\"elementor-element elementor-element-c923c87 elementor-widget elementor-widget-text-editor\" data-id=\"c923c87\" data-element_type=\"widget\" data-widget_type=\"text-editor.default\">\n\t\t\t\t<div class=\"elementor-widget-container\">\n\t\t\t\t\t\t\t<p>Por favor, complete los datos solicitados en el formulario. En breve, su ejecutivo de negocios se pondr\u00e1 en contacto con usted para guiarlo en sus primeros pasos y proporcionarle su usuario y contrase\u00f1a, que le permitir\u00e1n acceder a al sistema y comenzar a operar con nosotros. Agradecemos su elecci\u00f3n.<\/p>\t\t\t\t\t\t<\/div>\n\t\t\t\t<\/div>\n\t\t\t\t<div class=\"elementor-element elementor-element-8086417 elementor-widget elementor-widget-button\" data-id=\"8086417\" data-element_type=\"widget\" data-widget_type=\"button.default\">\n\t\t\t\t<div class=\"elementor-widget-container\">\n\t\t\t\t\t\t\t<div class=\"elementor-button-wrapper\">\n\t\t\t\t\t<a class=\"elementor-button elementor-button-link elementor-size-sm\" href=\"https:\/\/viejaweb.assekuransa.com\/web2024\/formularios-seguro-de-transporte-de-mercancias-alta-de-clientes-de-argentina\/\">\n\t\t\t\t\t\t<span class=\"elementor-button-content-wrapper\">\n\t\t\t\t\t\t\t\t\t<span class=\"elementor-button-text\">INGRESAR<\/span>\n\t\t\t\t\t<\/span>\n\t\t\t\t\t<\/a>\n\t\t\t\t<\/div>\n\t\t\t\t\t\t<\/div>\n\t\t\t\t<\/div>\n\t\t\t\t<div class=\"elementor-element elementor-element-c57769c elementor-widget-divider--view-line elementor-widget elementor-widget-divider\" data-id=\"c57769c\" data-element_type=\"widget\" data-widget_type=\"divider.default\">\n\t\t\t\t<div class=\"elementor-widget-container\">\n\t\t\t\t\t<div class=\"elementor-divider\">\n\t\t\t<span class=\"elementor-divider-separator\">\n\t\t\t\t\t\t<\/span>\n\t\t<\/div>\n\t\t\t\t<\/div>\n\t\t\t\t<\/div>\n\t\t\t\t<div class=\"elementor-element elementor-element-8f045c1 elementor-widget elementor-widget-heading\" data-id=\"8f045c1\" data-element_type=\"widget\" data-widget_type=\"heading.default\">\n\t\t\t\t<div class=\"elementor-widget-container\">\n\t\t\t<h6 class=\"elementor-heading-title elementor-size-default\">Alta de clientes del Resto de Latinoam\u00e9rica<\/h6>\t\t<\/div>\n\t\t\t\t<\/div>\n\t\t\t\t<div class=\"elementor-element elementor-element-3c8b468 elementor-widget elementor-widget-text-editor\" data-id=\"3c8b468\" data-element_type=\"widget\" data-widget_type=\"text-editor.default\">\n\t\t\t\t<div class=\"elementor-widget-container\">\n\t\t\t\t\t\t\t<p>Por favor, complete los datos solicitados en el formulario. En breve, su ejecutivo de negocios se pondr\u00e1 en contacto con usted para guiarlo en sus primeros pasos y proporcionarle su usuario y contrase\u00f1a, que le permitir\u00e1n acceder a al sistema y comenzar a operar con nosotros. Agradecemos su elecci\u00f3n.<\/p>\t\t\t\t\t\t<\/div>\n\t\t\t\t<\/div>\n\t\t\t\t<div class=\"elementor-element elementor-element-0682dd3 elementor-widget elementor-widget-button\" data-id=\"0682dd3\" data-element_type=\"widget\" data-widget_type=\"button.default\">\n\t\t\t\t<div class=\"elementor-widget-container\">\n\t\t\t\t\t\t\t<div class=\"elementor-button-wrapper\">\n\t\t\t\t\t<a class=\"elementor-button elementor-button-link elementor-size-sm\" href=\"https:\/\/viejaweb.assekuransa.com\/web2024\/formularios-seguro-de-transporte-de-mercancias-de-clientes-de-latinoamerica\/\">\n\t\t\t\t\t\t<span class=\"elementor-button-content-wrapper\">\n\t\t\t\t\t\t\t\t\t<span class=\"elementor-button-text\">INGRESAR<\/span>\n\t\t\t\t\t<\/span>\n\t\t\t\t\t<\/a>\n\t\t\t\t<\/div>\n\t\t\t\t\t\t<\/div>\n\t\t\t\t<\/div>\n\t\t\t\t<div class=\"elementor-element elementor-element-9aa6d93 elementor-widget-divider--view-line elementor-widget elementor-widget-divider\" data-id=\"9aa6d93\" data-element_type=\"widget\" data-widget_type=\"divider.default\">\n\t\t\t\t<div class=\"elementor-widget-container\">\n\t\t\t\t\t<div class=\"elementor-divider\">\n\t\t\t<span class=\"elementor-divider-separator\">\n\t\t\t\t\t\t<\/span>\n\t\t<\/div>\n\t\t\t\t<\/div>\n\t\t\t\t<\/div>\n\t\t\t\t<div class=\"elementor-element elementor-element-2e7898c elementor-widget elementor-widget-heading\" data-id=\"2e7898c\" data-element_type=\"widget\" data-widget_type=\"heading.default\">\n\t\t\t\t<div class=\"elementor-widget-container\">\n\t\t\t<h6 class=\"elementor-heading-title elementor-size-default\">Denuncia del Seguro de Transporte de Mercanc\u00edas<\/h6>\t\t<\/div>\n\t\t\t\t<\/div>\n\t\t\t\t<div class=\"elementor-element elementor-element-9826eeb elementor-widget elementor-widget-text-editor\" data-id=\"9826eeb\" data-element_type=\"widget\" data-widget_type=\"text-editor.default\">\n\t\t\t\t<div class=\"elementor-widget-container\">\n\t\t\t\t\t\t\t<p>Para iniciar formalmente su denuncia, por favor complete la informaci\u00f3n requerida. A la brevedad, un ejecutivo del Departamento de Reclamos se pondr\u00e1 en contacto con usted para orientarle en los pasos a seguir. Tambi\u00e9n puede realizar la denuncia enviando un correo a\u00a0<a href=\"mailto:reclamos@assekuransa.com\" target=\"_blank\" rel=\"noopener\">reclamos@assekuransa.com<\/a>, incluyendo la informaci\u00f3n solicitada en el formulario.<\/p>\t\t\t\t\t\t<\/div>\n\t\t\t\t<\/div>\n\t\t\t\t<div class=\"elementor-element elementor-element-f21842d elementor-widget elementor-widget-button\" data-id=\"f21842d\" data-element_type=\"widget\" data-widget_type=\"button.default\">\n\t\t\t\t<div class=\"elementor-widget-container\">\n\t\t\t\t\t\t\t<div class=\"elementor-button-wrapper\">\n\t\t\t\t\t<a class=\"elementor-button elementor-button-link elementor-size-sm\" href=\"https:\/\/viejaweb.assekuransa.com\/web2024\/formularios-denuncia-del-seguro-de-transporte-de-mercancias\/\">\n\t\t\t\t\t\t<span class=\"elementor-button-content-wrapper\">\n\t\t\t\t\t\t\t\t\t<span class=\"elementor-button-text\">INGRESAR<\/span>\n\t\t\t\t\t<\/span>\n\t\t\t\t\t<\/a>\n\t\t\t\t<\/div>\n\t\t\t\t\t\t<\/div>\n\t\t\t\t<\/div>\n\t\t\t\t<\/div>\n\t\t\t\t\t<\/div>\n\t\t\t\t<\/div>\n\t\t\t\t<\/div>\n\t\t","protected":false},"excerpt":{"rendered":"<p>Accede a los formularios aqu\u00ed Gestiona tu seguro con eficacia Accede a los formularios que necesites para realizar tu gesti\u00f3n con comodidad. Ante cualquier duda, cons\u00faltanos, \u00a1nos encanta atender sus inquietudes! Seguro de Transporte de Mercanc\u00edas Seguro Manual &#8211; Mercanc\u00edas Este formulario est\u00e1 destinado exclusivamente para clientes registrados. Debe ser utilizado en situaciones en las [&hellip;]<\/p>\n","protected":false},"author":1,"featured_media":0,"parent":0,"menu_order":0,"comment_status":"closed","ping_status":"closed","template":"elementor_header_footer","meta":{"_acf_changed":false,"footnotes":""},"class_list":["post-4786","page","type-page","status-publish","hentry"],"acf":[],"_links":{"self":[{"href":"https:\/\/viejaweb.assekuransa.com\/web2024\/wp-json\/wp\/v2\/pages\/4786","targetHints":{"allow":["GET"]}}],"collection":[{"href":"https:\/\/viejaweb.assekuransa.com\/web2024\/wp-json\/wp\/v2\/pages"}],"about":[{"href":"https:\/\/viejaweb.assekuransa.com\/web2024\/wp-json\/wp\/v2\/types\/page"}],"author":[{"embeddable":true,"href":"https:\/\/viejaweb.assekuransa.com\/web2024\/wp-json\/wp\/v2\/users\/1"}],"replies":[{"embeddable":true,"href":"https:\/\/viejaweb.assekuransa.com\/web2024\/wp-json\/wp\/v2\/comments?post=4786"}],"version-history":[{"count":94,"href":"https:\/\/viejaweb.assekuransa.com\/web2024\/wp-json\/wp\/v2\/pages\/4786\/revisions"}],"predecessor-version":[{"id":9278,"href":"https:\/\/viejaweb.assekuransa.com\/web2024\/wp-json\/wp\/v2\/pages\/4786\/revisions\/9278"}],"wp:attachment":[{"href":"https:\/\/viejaweb.assekuransa.com\/web2024\/wp-json\/wp\/v2\/media?parent=4786"}],"curies":[{"name":"wp","href":"https:\/\/api.w.org\/{rel}","templated":true}]}}