{"id":8018,"date":"2024-08-09T21:34:07","date_gmt":"2024-08-09T21:34:07","guid":{"rendered":"https:\/\/assekuransa.com\/?page_id=8018"},"modified":"2024-08-28T14:18:53","modified_gmt":"2024-08-28T14:18:53","slug":"compliance","status":"publish","type":"page","link":"https:\/\/viejaweb.assekuransa.com\/web2024\/compliance\/","title":{"rendered":"Compliance"},"content":{"rendered":"\t\t<div data-elementor-type=\"wp-page\" data-elementor-id=\"8018\" class=\"elementor elementor-8018\" data-elementor-post-type=\"page\">\n\t\t\t\t<div class=\"elementor-element elementor-element-5ad8940 e-con-full e-flex e-con e-parent\" data-id=\"5ad8940\" data-element_type=\"container\" data-settings=\"{&quot;background_background&quot;:&quot;classic&quot;,&quot;background_motion_fx_motion_fx_scrolling&quot;:&quot;yes&quot;,&quot;background_motion_fx_range&quot;:&quot;page&quot;,&quot;background_motion_fx_devices&quot;:[&quot;desktop&quot;,&quot;laptop&quot;,&quot;tablet&quot;,&quot;mobile&quot;]}\">\n\t\t<div class=\"elementor-element elementor-element-ddc8828 e-flex e-con-boxed e-con e-child\" data-id=\"ddc8828\" data-element_type=\"container\" data-settings=\"{&quot;position&quot;:&quot;absolute&quot;,&quot;background_background&quot;:&quot;classic&quot;}\">\n\t\t\t\t\t<div class=\"e-con-inner\">\n\t\t\t\t<div class=\"elementor-element elementor-element-239de54 elementor-widget__width-initial elementor-widget elementor-widget-heading\" data-id=\"239de54\" data-element_type=\"widget\" data-widget_type=\"heading.default\">\n\t\t\t\t<div class=\"elementor-widget-container\">\n\t\t\t<h1 class=\"elementor-heading-title elementor-size-default\">FORMULARIOS UIF<\/h1>\t\t<\/div>\n\t\t\t\t<\/div>\n\t\t\t\t\t<\/div>\n\t\t\t\t<\/div>\n\t\t\t\t<\/div>\n\t\t<div class=\"elementor-element elementor-element-4cad683 e-flex e-con-boxed e-con e-parent\" data-id=\"4cad683\" data-element_type=\"container\">\n\t\t\t\t\t<div class=\"e-con-inner\">\n\t\t<div class=\"elementor-element elementor-element-7486bc9 e-con-full e-flex e-con e-child\" data-id=\"7486bc9\" data-element_type=\"container\">\n\t\t\t\t<div class=\"elementor-element elementor-element-5d0518c elementor-widget elementor-widget-heading\" data-id=\"5d0518c\" data-element_type=\"widget\" data-widget_type=\"heading.default\">\n\t\t\t\t<div class=\"elementor-widget-container\">\n\t\t\t<h2 class=\"elementor-heading-title elementor-size-default\">INFORMACI\u00d3N\nREQUERIDA POR LA UNIDAD DE INFORMACI\u00d3N FINANCIERA (UIF)<\/h2>\t\t<\/div>\n\t\t\t\t<\/div>\n\t\t\t\t<\/div>\n\t\t<div class=\"elementor-element elementor-element-bcd8ad2 e-con-full e-flex e-con e-child\" data-id=\"bcd8ad2\" data-element_type=\"container\">\n\t\t\t\t<div class=\"elementor-element elementor-element-6763950 elementor-widget-mobile__width-initial elementor-widget elementor-widget-heading\" data-id=\"6763950\" data-element_type=\"widget\" data-widget_type=\"heading.default\">\n\t\t\t\t<div class=\"elementor-widget-container\">\n\t\t\t<h6 class=\"elementor-heading-title elementor-size-default\">Por favor descargue y complete el formulario que corresponda<br>\ny env\u00edenos una copia firmada a <a style=\"color:var( --e-global-color-primary );text-decoration:underline\" href=\"mailto:compliance@assekuransa.com\">compliance@assekuransa.com<\/a><br>\n<br>\nMuchas gracias<\/h6>\t\t<\/div>\n\t\t\t\t<\/div>\n\t\t\t\t<\/div>\n\t\t\t\t\t<\/div>\n\t\t\t\t<\/div>\n\t\t<div class=\"elementor-element elementor-element-b2a8583 e-flex e-con-boxed e-con e-parent\" data-id=\"b2a8583\" data-element_type=\"container\">\n\t\t\t\t\t<div class=\"e-con-inner\">\n\t\t<div class=\"elementor-element elementor-element-fe46fd0 e-con-full e-flex e-con e-child\" data-id=\"fe46fd0\" data-element_type=\"container\">\n\t\t\t\t<\/div>\n\t\t<div class=\"elementor-element elementor-element-eb09b23 e-con-full e-flex e-con e-child\" data-id=\"eb09b23\" data-element_type=\"container\">\n\t\t\t\t<div class=\"elementor-element elementor-element-e0ede40 elementor-widget elementor-widget-heading\" data-id=\"e0ede40\" data-element_type=\"widget\" data-widget_type=\"heading.default\">\n\t\t\t\t<div class=\"elementor-widget-container\">\n\t\t\t<h6 class=\"elementor-heading-title elementor-size-default\">Personas F\u00edsicas<\/h6>\t\t<\/div>\n\t\t\t\t<\/div>\n\t\t\t\t<div class=\"elementor-element elementor-element-9586413 elementor-widget elementor-widget-text-editor\" data-id=\"9586413\" data-element_type=\"widget\" data-widget_type=\"text-editor.default\">\n\t\t\t\t<div class=\"elementor-widget-container\">\n\t\t\t\t\t\t\tSon individuos, es decir, seres humanos con capacidad para adquirir derechos\ny obligaciones. Ejemplo: Juan P\u00e9rez.\t\t\t\t\t\t<\/div>\n\t\t\t\t<\/div>\n\t\t\t\t<div class=\"elementor-element elementor-element-27a748a elementor-widget elementor-widget-button\" data-id=\"27a748a\" data-element_type=\"widget\" data-widget_type=\"button.default\">\n\t\t\t\t<div class=\"elementor-widget-container\">\n\t\t\t\t\t\t\t<div class=\"elementor-button-wrapper\">\n\t\t\t\t\t<a class=\"elementor-button elementor-button-link elementor-size-sm\" href=\"https:\/\/assekuransa.com\/web2024\/wp-content\/uploads\/2024\/08\/ASSE-formulario-personas-fisicas.pdf\" target=\"_blank\">\n\t\t\t\t\t\t<span class=\"elementor-button-content-wrapper\">\n\t\t\t\t\t\t\t\t\t<span class=\"elementor-button-text\">Descargar<\/span>\n\t\t\t\t\t<\/span>\n\t\t\t\t\t<\/a>\n\t\t\t\t<\/div>\n\t\t\t\t\t\t<\/div>\n\t\t\t\t<\/div>\n\t\t\t\t<div class=\"elementor-element elementor-element-9a03dc5 elementor-widget-divider--view-line elementor-widget elementor-widget-divider\" data-id=\"9a03dc5\" data-element_type=\"widget\" data-widget_type=\"divider.default\">\n\t\t\t\t<div class=\"elementor-widget-container\">\n\t\t\t\t\t<div class=\"elementor-divider\">\n\t\t\t<span class=\"elementor-divider-separator\">\n\t\t\t\t\t\t<\/span>\n\t\t<\/div>\n\t\t\t\t<\/div>\n\t\t\t\t<\/div>\n\t\t\t\t<div class=\"elementor-element elementor-element-b30eea1 elementor-widget elementor-widget-heading\" data-id=\"b30eea1\" data-element_type=\"widget\" data-widget_type=\"heading.default\">\n\t\t\t\t<div class=\"elementor-widget-container\">\n\t\t\t<h6 class=\"elementor-heading-title elementor-size-default\">Personas Jur\u00eddicas<\/h6>\t\t<\/div>\n\t\t\t\t<\/div>\n\t\t\t\t<div class=\"elementor-element elementor-element-7511aab elementor-widget elementor-widget-text-editor\" data-id=\"7511aab\" data-element_type=\"widget\" data-widget_type=\"text-editor.default\">\n\t\t\t\t<div class=\"elementor-widget-container\">\n\t\t\t\t\t\t\tSon entidades creadas por una o m\u00e1s personas f\u00edsicas que tienen personalidad jur\u00eddica propia, lo que les permite tener derechos y obligaciones. Ejemplo: una empresa, una asociaci\u00f3n civil.\t\t\t\t\t\t<\/div>\n\t\t\t\t<\/div>\n\t\t\t\t<div class=\"elementor-element elementor-element-60d7134 elementor-widget elementor-widget-button\" data-id=\"60d7134\" data-element_type=\"widget\" data-widget_type=\"button.default\">\n\t\t\t\t<div class=\"elementor-widget-container\">\n\t\t\t\t\t\t\t<div class=\"elementor-button-wrapper\">\n\t\t\t\t\t<a class=\"elementor-button elementor-button-link elementor-size-sm\" href=\"https:\/\/assekuransa.com\/web2024\/wp-content\/uploads\/2024\/08\/ASSE-formulario-personas-juridicas-1.pdf\" target=\"_blank\">\n\t\t\t\t\t\t<span class=\"elementor-button-content-wrapper\">\n\t\t\t\t\t\t\t\t\t<span class=\"elementor-button-text\">Descargar<\/span>\n\t\t\t\t\t<\/span>\n\t\t\t\t\t<\/a>\n\t\t\t\t<\/div>\n\t\t\t\t\t\t<\/div>\n\t\t\t\t<\/div>\n\t\t\t\t<div class=\"elementor-element elementor-element-2c726a7 elementor-widget-divider--view-line elementor-widget elementor-widget-divider\" data-id=\"2c726a7\" data-element_type=\"widget\" data-widget_type=\"divider.default\">\n\t\t\t\t<div class=\"elementor-widget-container\">\n\t\t\t\t\t<div class=\"elementor-divider\">\n\t\t\t<span class=\"elementor-divider-separator\">\n\t\t\t\t\t\t<\/span>\n\t\t<\/div>\n\t\t\t\t<\/div>\n\t\t\t\t<\/div>\n\t\t\t\t<div class=\"elementor-element elementor-element-72abe27 elementor-widget elementor-widget-heading\" data-id=\"72abe27\" data-element_type=\"widget\" data-widget_type=\"heading.default\">\n\t\t\t\t<div class=\"elementor-widget-container\">\n\t\t\t<h6 class=\"elementor-heading-title elementor-size-default\">Organismos P\u00fablicos<\/h6>\t\t<\/div>\n\t\t\t\t<\/div>\n\t\t\t\t<div class=\"elementor-element elementor-element-1452e09 elementor-widget elementor-widget-text-editor\" data-id=\"1452e09\" data-element_type=\"widget\" data-widget_type=\"text-editor.default\">\n\t\t\t\t<div class=\"elementor-widget-container\">\n\t\t\t\t\t\t\t<p>Son instituciones del Estado que se encargan de funciones administrativas, legislativas o judiciales, y que act\u00faan en nombre del inter\u00e9s p\u00fablico. Ejemplo: un ministerio, una municipalidad.<\/p>\t\t\t\t\t\t<\/div>\n\t\t\t\t<\/div>\n\t\t\t\t<div class=\"elementor-element elementor-element-cfbd735 elementor-widget elementor-widget-button\" data-id=\"cfbd735\" data-element_type=\"widget\" data-widget_type=\"button.default\">\n\t\t\t\t<div class=\"elementor-widget-container\">\n\t\t\t\t\t\t\t<div class=\"elementor-button-wrapper\">\n\t\t\t\t\t<a class=\"elementor-button elementor-button-link elementor-size-sm\" href=\"https:\/\/assekuransa.com\/web2024\/wp-content\/uploads\/2024\/08\/ASSE-formulario-organismos-publicios.pdf\" target=\"_blank\">\n\t\t\t\t\t\t<span class=\"elementor-button-content-wrapper\">\n\t\t\t\t\t\t\t\t\t<span class=\"elementor-button-text\">Descargar<\/span>\n\t\t\t\t\t<\/span>\n\t\t\t\t\t<\/a>\n\t\t\t\t<\/div>\n\t\t\t\t\t\t<\/div>\n\t\t\t\t<\/div>\n\t\t\t\t<\/div>\n\t\t\t\t\t<\/div>\n\t\t\t\t<\/div>\n\t\t\t\t<\/div>\n\t\t","protected":false},"excerpt":{"rendered":"<p>&#8211;<\/p>\n","protected":false},"author":1,"featured_media":0,"parent":0,"menu_order":0,"comment_status":"closed","ping_status":"closed","template":"elementor_header_footer","meta":{"_acf_changed":false,"footnotes":""},"class_list":["post-8018","page","type-page","status-publish","hentry"],"acf":[],"_links":{"self":[{"href":"https:\/\/viejaweb.assekuransa.com\/web2024\/wp-json\/wp\/v2\/pages\/8018","targetHints":{"allow":["GET"]}}],"collection":[{"href":"https:\/\/viejaweb.assekuransa.com\/web2024\/wp-json\/wp\/v2\/pages"}],"about":[{"href":"https:\/\/viejaweb.assekuransa.com\/web2024\/wp-json\/wp\/v2\/types\/page"}],"author":[{"embeddable":true,"href":"https:\/\/viejaweb.assekuransa.com\/web2024\/wp-json\/wp\/v2\/users\/1"}],"replies":[{"embeddable":true,"href":"https:\/\/viejaweb.assekuransa.com\/web2024\/wp-json\/wp\/v2\/comments?post=8018"}],"version-history":[{"count":28,"href":"https:\/\/viejaweb.assekuransa.com\/web2024\/wp-json\/wp\/v2\/pages\/8018\/revisions"}],"predecessor-version":[{"id":8237,"href":"https:\/\/viejaweb.assekuransa.com\/web2024\/wp-json\/wp\/v2\/pages\/8018\/revisions\/8237"}],"wp:attachment":[{"href":"https:\/\/viejaweb.assekuransa.com\/web2024\/wp-json\/wp\/v2\/media?parent=8018"}],"curies":[{"name":"wp","href":"https:\/\/api.w.org\/{rel}","templated":true}]}}