{"id":8175,"date":"2024-08-26T11:40:37","date_gmt":"2024-08-26T11:40:37","guid":{"rendered":"https:\/\/assekuransa.com\/?page_id=8175"},"modified":"2024-08-26T12:25:55","modified_gmt":"2024-08-26T12:25:55","slug":"formularios-pas","status":"publish","type":"page","link":"https:\/\/viejaweb.assekuransa.com\/web2024\/formularios-pas\/","title":{"rendered":"Formularios PAS"},"content":{"rendered":"\t\t<div data-elementor-type=\"wp-page\" data-elementor-id=\"8175\" class=\"elementor elementor-8175\" data-elementor-post-type=\"page\">\n\t\t\t\t<div class=\"elementor-element elementor-element-42a5c641 e-con-full e-flex e-con e-parent\" data-id=\"42a5c641\" data-element_type=\"container\" data-settings=\"{&quot;background_background&quot;:&quot;classic&quot;,&quot;background_motion_fx_motion_fx_scrolling&quot;:&quot;yes&quot;,&quot;background_motion_fx_range&quot;:&quot;page&quot;,&quot;background_motion_fx_devices&quot;:[&quot;desktop&quot;,&quot;laptop&quot;,&quot;tablet&quot;,&quot;mobile&quot;]}\">\n\t\t<div class=\"elementor-element elementor-element-7487e532 e-flex e-con-boxed e-con e-child\" data-id=\"7487e532\" data-element_type=\"container\" data-settings=\"{&quot;position&quot;:&quot;absolute&quot;,&quot;background_background&quot;:&quot;classic&quot;}\">\n\t\t\t\t\t<div class=\"e-con-inner\">\n\t\t\t\t<div class=\"elementor-element elementor-element-5f8bb361 elementor-widget__width-initial elementor-widget elementor-widget-heading\" data-id=\"5f8bb361\" data-element_type=\"widget\" data-widget_type=\"heading.default\">\n\t\t\t\t<div class=\"elementor-widget-container\">\n\t\t\t<h2 class=\"elementor-heading-title elementor-size-default\">Accede a los \nformularios aqu\u00ed<\/h2>\t\t<\/div>\n\t\t\t\t<\/div>\n\t\t\t\t\t<\/div>\n\t\t\t\t<\/div>\n\t\t\t\t<\/div>\n\t\t<div class=\"elementor-element elementor-element-4b39d0dd e-flex e-con-boxed e-con e-parent\" data-id=\"4b39d0dd\" data-element_type=\"container\">\n\t\t\t\t\t<div class=\"e-con-inner\">\n\t\t<div class=\"elementor-element elementor-element-5ed734d1 e-con-full e-flex e-con e-child\" data-id=\"5ed734d1\" data-element_type=\"container\">\n\t\t\t\t<div class=\"elementor-element elementor-element-7beda193 elementor-widget elementor-widget-heading\" data-id=\"7beda193\" data-element_type=\"widget\" data-widget_type=\"heading.default\">\n\t\t\t\t<div class=\"elementor-widget-container\">\n\t\t\t<h2 class=\"elementor-heading-title elementor-size-default\">Gestiona<br>\ntu seguro <br>\ncon eficacia<\/h2>\t\t<\/div>\n\t\t\t\t<\/div>\n\t\t\t\t<\/div>\n\t\t<div class=\"elementor-element elementor-element-3b3383c0 e-con-full e-flex e-con e-child\" data-id=\"3b3383c0\" data-element_type=\"container\">\n\t\t\t\t<div class=\"elementor-element elementor-element-6394edad elementor-widget-mobile__width-initial elementor-widget elementor-widget-heading\" data-id=\"6394edad\" data-element_type=\"widget\" data-widget_type=\"heading.default\">\n\t\t\t\t<div class=\"elementor-widget-container\">\n\t\t\t<h6 class=\"elementor-heading-title elementor-size-default\">Accede a los formularios que necesites para realizar tu gesti\u00f3n con comodidad. Ante cualquier duda, cons\u00faltanos, \u00a1nos encanta atender sus inquietudes!<\/h6>\t\t<\/div>\n\t\t\t\t<\/div>\n\t\t\t\t<\/div>\n\t\t\t\t\t<\/div>\n\t\t\t\t<\/div>\n\t\t<div class=\"elementor-element elementor-element-5af7bb68 e-flex e-con-boxed e-con e-parent\" data-id=\"5af7bb68\" data-element_type=\"container\">\n\t\t\t\t\t<div class=\"e-con-inner\">\n\t\t<div class=\"elementor-element elementor-element-7cc14dd0 e-con-full e-flex e-con e-child\" data-id=\"7cc14dd0\" data-element_type=\"container\">\n\t\t\t\t<div class=\"elementor-element elementor-element-2326ea05 elementor-widget elementor-widget-heading\" data-id=\"2326ea05\" data-element_type=\"widget\" data-widget_type=\"heading.default\">\n\t\t\t\t<div class=\"elementor-widget-container\">\n\t\t\t<h2 class=\"elementor-heading-title elementor-size-default\">Seguro de Transporte<br>\nde Mercanc\u00edas<\/h2>\t\t<\/div>\n\t\t\t\t<\/div>\n\t\t\t\t<\/div>\n\t\t<div class=\"elementor-element elementor-element-512f3fd5 e-con-full e-flex e-con e-child\" data-id=\"512f3fd5\" data-element_type=\"container\">\n\t\t\t\t<div class=\"elementor-element elementor-element-4dd9d8a4 elementor-widget elementor-widget-heading\" data-id=\"4dd9d8a4\" data-element_type=\"widget\" data-widget_type=\"heading.default\">\n\t\t\t\t<div class=\"elementor-widget-container\">\n\t\t\t<h6 class=\"elementor-heading-title elementor-size-default\">Seguro Manual<\/h6>\t\t<\/div>\n\t\t\t\t<\/div>\n\t\t\t\t<div class=\"elementor-element elementor-element-30a1288a elementor-widget elementor-widget-text-editor\" data-id=\"30a1288a\" data-element_type=\"widget\" data-widget_type=\"text-editor.default\">\n\t\t\t\t<div class=\"elementor-widget-container\">\n\t\t\t\t\t\t\t<p>Este formulario est\u00e1 destinado exclusivamente para clientes registrados. Debe ser utilizado en situaciones en las que no sea posible emitir su seguro a trav\u00e9s del sistema, ya sea debido a una interrupci\u00f3n del servicio o por indicaci\u00f3n expresa de su ejecutivo comercial, especialmente en el caso de cotizaciones especiales.<\/p>\t\t\t\t\t\t<\/div>\n\t\t\t\t<\/div>\n\t\t\t\t<div class=\"elementor-element elementor-element-100a587e elementor-widget elementor-widget-button\" data-id=\"100a587e\" data-element_type=\"widget\" data-widget_type=\"button.default\">\n\t\t\t\t<div class=\"elementor-widget-container\">\n\t\t\t\t\t\t\t<div class=\"elementor-button-wrapper\">\n\t\t\t\t\t<a class=\"elementor-button elementor-button-link elementor-size-sm\" href=\"https:\/\/viejaweb.assekuransa.com\/web2024\/formularios-seguro-manual\/\">\n\t\t\t\t\t\t<span class=\"elementor-button-content-wrapper\">\n\t\t\t\t\t\t\t\t\t<span class=\"elementor-button-text\">INGRESAR<\/span>\n\t\t\t\t\t<\/span>\n\t\t\t\t\t<\/a>\n\t\t\t\t<\/div>\n\t\t\t\t\t\t<\/div>\n\t\t\t\t<\/div>\n\t\t\t\t<div class=\"elementor-element elementor-element-1f527ee9 elementor-widget-divider--view-line elementor-widget elementor-widget-divider\" data-id=\"1f527ee9\" data-element_type=\"widget\" data-widget_type=\"divider.default\">\n\t\t\t\t<div class=\"elementor-widget-container\">\n\t\t\t\t\t<div class=\"elementor-divider\">\n\t\t\t<span class=\"elementor-divider-separator\">\n\t\t\t\t\t\t<\/span>\n\t\t<\/div>\n\t\t\t\t<\/div>\n\t\t\t\t<\/div>\n\t\t\t\t<div class=\"elementor-element elementor-element-57a0f568 elementor-widget elementor-widget-heading\" data-id=\"57a0f568\" data-element_type=\"widget\" data-widget_type=\"heading.default\">\n\t\t\t\t<div class=\"elementor-widget-container\">\n\t\t\t<h6 class=\"elementor-heading-title elementor-size-default\">Alta de Productores<\/h6>\t\t<\/div>\n\t\t\t\t<\/div>\n\t\t\t\t<div class=\"elementor-element elementor-element-7e37d3c6 elementor-widget elementor-widget-text-editor\" data-id=\"7e37d3c6\" data-element_type=\"widget\" data-widget_type=\"text-editor.default\">\n\t\t\t\t<div class=\"elementor-widget-container\">\n\t\t\t\t\t\t\tPor favor, complete los datos solicitados en el formulario. En breve, su ejecutivo de negocios se pondr\u00e1 en contacto con usted para guiarlo en sus primeros pasos y proporcionarle su usuario y contrase\u00f1a, que le permitir\u00e1n acceder a al sistema y comenzar a operar con nosotros. Agradecemos su elecci\u00f3n.\t\t\t\t\t\t<\/div>\n\t\t\t\t<\/div>\n\t\t\t\t<div class=\"elementor-element elementor-element-160fa38d elementor-widget elementor-widget-button\" data-id=\"160fa38d\" data-element_type=\"widget\" data-widget_type=\"button.default\">\n\t\t\t\t<div class=\"elementor-widget-container\">\n\t\t\t\t\t\t\t<div class=\"elementor-button-wrapper\">\n\t\t\t\t\t<a class=\"elementor-button elementor-button-link elementor-size-sm\" href=\"https:\/\/viejaweb.assekuransa.com\/web2024\/formularios-pas\/alta-de-productores\/\">\n\t\t\t\t\t\t<span class=\"elementor-button-content-wrapper\">\n\t\t\t\t\t\t\t\t\t<span class=\"elementor-button-text\">INGRESAR<\/span>\n\t\t\t\t\t<\/span>\n\t\t\t\t\t<\/a>\n\t\t\t\t<\/div>\n\t\t\t\t\t\t<\/div>\n\t\t\t\t<\/div>\n\t\t\t\t<div class=\"elementor-element elementor-element-45412e2b elementor-widget-divider--view-line elementor-widget elementor-widget-divider\" data-id=\"45412e2b\" data-element_type=\"widget\" data-widget_type=\"divider.default\">\n\t\t\t\t<div class=\"elementor-widget-container\">\n\t\t\t\t\t<div class=\"elementor-divider\">\n\t\t\t<span class=\"elementor-divider-separator\">\n\t\t\t\t\t\t<\/span>\n\t\t<\/div>\n\t\t\t\t<\/div>\n\t\t\t\t<\/div>\n\t\t\t\t<div class=\"elementor-element elementor-element-2448c93d elementor-widget elementor-widget-heading\" data-id=\"2448c93d\" data-element_type=\"widget\" data-widget_type=\"heading.default\">\n\t\t\t\t<div class=\"elementor-widget-container\">\n\t\t\t<h6 class=\"elementor-heading-title elementor-size-default\">Alta de Clientes de Productores<\/h6>\t\t<\/div>\n\t\t\t\t<\/div>\n\t\t\t\t<div class=\"elementor-element elementor-element-439472f3 elementor-widget elementor-widget-text-editor\" data-id=\"439472f3\" data-element_type=\"widget\" data-widget_type=\"text-editor.default\">\n\t\t\t\t<div class=\"elementor-widget-container\">\n\t\t\t\t\t\t\tPor favor, complete los datos solicitados en el formulario. En breve, su ejecutivo de negocios se pondr\u00e1 en contacto con usted para guiarlo en sus primeros pasos y proporcionarle su usuario y contrase\u00f1a, que le permitir\u00e1n acceder a al sistema y comenzar a operar con nosotros. Agradecemos su elecci\u00f3n.\t\t\t\t\t\t<\/div>\n\t\t\t\t<\/div>\n\t\t\t\t<div class=\"elementor-element elementor-element-6796d0b6 elementor-widget elementor-widget-button\" data-id=\"6796d0b6\" data-element_type=\"widget\" data-widget_type=\"button.default\">\n\t\t\t\t<div class=\"elementor-widget-container\">\n\t\t\t\t\t\t\t<div class=\"elementor-button-wrapper\">\n\t\t\t\t\t<a class=\"elementor-button elementor-button-link elementor-size-sm\" href=\"https:\/\/viejaweb.assekuransa.com\/web2024\/formularios-pas\/alta-de-clientes-de-productores\/\">\n\t\t\t\t\t\t<span class=\"elementor-button-content-wrapper\">\n\t\t\t\t\t\t\t\t\t<span class=\"elementor-button-text\">INGRESAR<\/span>\n\t\t\t\t\t<\/span>\n\t\t\t\t\t<\/a>\n\t\t\t\t<\/div>\n\t\t\t\t\t\t<\/div>\n\t\t\t\t<\/div>\n\t\t\t\t<\/div>\n\t\t\t\t\t<\/div>\n\t\t\t\t<\/div>\n\t\t\t\t<\/div>\n\t\t","protected":false},"excerpt":{"rendered":"<p>&#8211;<\/p>\n","protected":false},"author":1,"featured_media":0,"parent":0,"menu_order":0,"comment_status":"closed","ping_status":"closed","template":"elementor_header_footer","meta":{"_acf_changed":false,"footnotes":""},"class_list":["post-8175","page","type-page","status-publish","hentry"],"acf":[],"_links":{"self":[{"href":"https:\/\/viejaweb.assekuransa.com\/web2024\/wp-json\/wp\/v2\/pages\/8175","targetHints":{"allow":["GET"]}}],"collection":[{"href":"https:\/\/viejaweb.assekuransa.com\/web2024\/wp-json\/wp\/v2\/pages"}],"about":[{"href":"https:\/\/viejaweb.assekuransa.com\/web2024\/wp-json\/wp\/v2\/types\/page"}],"author":[{"embeddable":true,"href":"https:\/\/viejaweb.assekuransa.com\/web2024\/wp-json\/wp\/v2\/users\/1"}],"replies":[{"embeddable":true,"href":"https:\/\/viejaweb.assekuransa.com\/web2024\/wp-json\/wp\/v2\/comments?post=8175"}],"version-history":[{"count":10,"href":"https:\/\/viejaweb.assekuransa.com\/web2024\/wp-json\/wp\/v2\/pages\/8175\/revisions"}],"predecessor-version":[{"id":8203,"href":"https:\/\/viejaweb.assekuransa.com\/web2024\/wp-json\/wp\/v2\/pages\/8175\/revisions\/8203"}],"wp:attachment":[{"href":"https:\/\/viejaweb.assekuransa.com\/web2024\/wp-json\/wp\/v2\/media?parent=8175"}],"curies":[{"name":"wp","href":"https:\/\/api.w.org\/{rel}","templated":true}]}}