{"id":8654,"date":"2024-11-05T17:43:18","date_gmt":"2024-11-05T17:43:18","guid":{"rendered":"https:\/\/assekuransa.com\/?page_id=8654"},"modified":"2024-11-05T17:48:17","modified_gmt":"2024-11-05T17:48:17","slug":"formularios-denuncia-del-seguro-de-transporte-de-mercancias","status":"publish","type":"page","link":"https:\/\/viejaweb.assekuransa.com\/web2024\/formularios-denuncia-del-seguro-de-transporte-de-mercancias\/","title":{"rendered":"Formularios &#8211; Denuncia del Seguro de Transporte de Mercanc\u00edas"},"content":{"rendered":"\t\t<div data-elementor-type=\"wp-page\" data-elementor-id=\"8654\" class=\"elementor elementor-8654\" data-elementor-post-type=\"page\">\n\t\t\t\t<div class=\"elementor-element elementor-element-5936eac e-flex e-con-boxed e-con e-parent\" data-id=\"5936eac\" data-element_type=\"container\">\n\t\t\t\t\t<div class=\"e-con-inner\">\n\t\t<div class=\"elementor-element elementor-element-5f7154a e-con-full e-flex e-con e-child\" data-id=\"5f7154a\" data-element_type=\"container\">\n\t\t\t\t<div class=\"elementor-element elementor-element-4a99669 elementor-widget__width-initial elementor-widget elementor-widget-heading\" data-id=\"4a99669\" data-element_type=\"widget\" data-widget_type=\"heading.default\">\n\t\t\t\t<div class=\"elementor-widget-container\">\n\t\t\t<h2 class=\"elementor-heading-title elementor-size-default\">Denuncia del Seguro de Transporte de Mercanc\u00edas<\/h2>\t\t<\/div>\n\t\t\t\t<\/div>\n\t\t\t\t<div class=\"elementor-element elementor-element-d81bcb9 elementor-widget elementor-widget-text-editor\" data-id=\"d81bcb9\" data-element_type=\"widget\" data-widget_type=\"text-editor.default\">\n\t\t\t\t<div class=\"elementor-widget-container\">\n\t\t\t\t\t\t\t<p>(*) EL BOT\u00d3N DE ENVIO SE HABILITAR\u00c1 UNA VEZ EST\u00c9N COMPLETOS LOS CAMPOS REQUERIDOS.<br \/>Por favor complete toda la informaci\u00f3n solicitada para recibir una cotizaci\u00f3n precisa y en el menor tiempo posible.<\/p>\t\t\t\t\t\t<\/div>\n\t\t\t\t<\/div>\n\t\t\t\t<\/div>\n\t\t\t\t\t<\/div>\n\t\t\t\t<\/div>\n\t\t<div class=\"elementor-element elementor-element-86ba875 e-flex e-con-boxed e-con e-parent\" data-id=\"86ba875\" data-element_type=\"container\">\n\t\t\t\t\t<div class=\"e-con-inner\">\n\t\t\t\t<div class=\"elementor-element elementor-element-fc1010b formulario-sty dr-form elementor-button-align-stretch elementor-widget elementor-widget-form\" data-id=\"fc1010b\" data-element_type=\"widget\" data-settings=\"{&quot;button_width&quot;:&quot;20&quot;,&quot;step_next_label&quot;:&quot;Next&quot;,&quot;step_previous_label&quot;:&quot;Previous&quot;,&quot;step_type&quot;:&quot;number_text&quot;,&quot;step_icon_shape&quot;:&quot;circle&quot;}\" data-widget_type=\"form.default\">\n\t\t\t\t<div class=\"elementor-widget-container\">\n\t\t\t\t\t<form class=\"elementor-form\" method=\"post\" name=\"Denuncias y Reclamos: Denuncia Seguro de Transporte de Mercancias\">\n\t\t\t<input type=\"hidden\" name=\"post_id\" value=\"8654\"\/>\n\t\t\t<input type=\"hidden\" name=\"form_id\" value=\"fc1010b\"\/>\n\t\t\t<input type=\"hidden\" name=\"referer_title\" value=\"\" \/>\n\n\t\t\t\n\t\t\t<div class=\"elementor-form-fields-wrapper elementor-labels-above\">\n\t\t\t\t\t\t\t\t<div class=\"elementor-field-type-text elementor-field-group elementor-column elementor-field-group-poliza elementor-col-100\">\n\t\t\t\t\t\t\t\t\t\t\t\t<label for=\"form-field-poliza\" class=\"elementor-field-label\">\n\t\t\t\t\t\t\t\tP\u00f3liza Nro.\t\t\t\t\t\t\t<\/label>\n\t\t\t\t\t\t\t\t\t\t\t\t\t\t<input size=\"1\" type=\"text\" name=\"form_fields[poliza]\" id=\"form-field-poliza\" class=\"elementor-field elementor-size-sm  elementor-field-textual\" placeholder=\"P\u00f3liza Nro.\">\n\t\t\t\t\t\t\t\t\t\t\t<\/div>\n\t\t\t\t\t\t\t\t<div class=\"elementor-field-type-html elementor-field-group elementor-column elementor-field-group-field_d60be7c elementor-col-100\">\n\t\t\t\t\t<h5 style=\"font-weight:bold; color:#8AC2EB;font-size:20px;\" >Agente de carga, Productor o Tomador del Seguro<\/h5>\t\t\t\t<\/div>\n\t\t\t\t\t\t\t\t<div class=\"elementor-field-type-text elementor-field-group elementor-column elementor-field-group-nombre elementor-col-50 elementor-field-required\">\n\t\t\t\t\t\t\t\t\t\t\t\t<label for=\"form-field-nombre\" class=\"elementor-field-label\">\n\t\t\t\t\t\t\t\tNombre o Raz\u00f3n Social*\t\t\t\t\t\t\t<\/label>\n\t\t\t\t\t\t\t\t\t\t\t\t\t\t<input size=\"1\" type=\"text\" name=\"form_fields[nombre]\" id=\"form-field-nombre\" class=\"elementor-field elementor-size-sm  elementor-field-textual\" placeholder=\"Nombre o Raz\u00f3n Social*\" required=\"required\" aria-required=\"true\">\n\t\t\t\t\t\t\t\t\t\t\t<\/div>\n\t\t\t\t\t\t\t\t<div class=\"elementor-field-type-html elementor-field-group elementor-column elementor-field-group-field_6250daa elementor-col-100\">\n\t\t\t\t\t<h5 style=\"font-weight:bold; color:#8AC2EB;font-size:20px;\" >\nBeneficiario de la P\u00f3liza\n<\/h5>\t\t\t\t<\/div>\n\t\t\t\t\t\t\t\t<div class=\"elementor-field-type-text elementor-field-group elementor-column elementor-field-group-razon_social elementor-col-50\">\n\t\t\t\t\t\t\t\t\t\t\t\t<label for=\"form-field-razon_social\" class=\"elementor-field-label\">\n\t\t\t\t\t\t\t\tRaz\u00f3n Social\t\t\t\t\t\t\t<\/label>\n\t\t\t\t\t\t\t\t\t\t\t\t\t\t<input size=\"1\" type=\"text\" name=\"form_fields[razon_social]\" id=\"form-field-razon_social\" class=\"elementor-field elementor-size-sm  elementor-field-textual\" placeholder=\"Raz\u00f3n Social\">\n\t\t\t\t\t\t\t\t\t\t\t<\/div>\n\t\t\t\t\t\t\t\t<div class=\"elementor-field-type-text elementor-field-group elementor-column elementor-field-group-nombre_denunciante elementor-col-50\">\n\t\t\t\t\t\t\t\t\t\t\t\t<label for=\"form-field-nombre_denunciante\" class=\"elementor-field-label\">\n\t\t\t\t\t\t\t\tNombre y Apellido del denunciante*\t\t\t\t\t\t\t<\/label>\n\t\t\t\t\t\t\t\t\t\t\t\t\t\t<input size=\"1\" type=\"text\" name=\"form_fields[nombre_denunciante]\" id=\"form-field-nombre_denunciante\" class=\"elementor-field elementor-size-sm  elementor-field-textual\" placeholder=\"Nombre y Apellido del denunciante*\">\n\t\t\t\t\t\t\t\t\t\t\t<\/div>\n\t\t\t\t\t\t\t\t<div class=\"elementor-field-type-text elementor-field-group elementor-column elementor-field-group-email elementor-col-50 elementor-field-required\">\n\t\t\t\t\t\t\t\t\t\t\t\t<label for=\"form-field-email\" class=\"elementor-field-label\">\n\t\t\t\t\t\t\t\tE-mail*\t\t\t\t\t\t\t<\/label>\n\t\t\t\t\t\t\t\t\t\t\t\t\t\t<input size=\"1\" type=\"text\" name=\"form_fields[email]\" id=\"form-field-email\" class=\"elementor-field elementor-size-sm  elementor-field-textual\" placeholder=\"E-mail*\" required=\"required\" aria-required=\"true\">\n\t\t\t\t\t\t\t\t\t\t\t<\/div>\n\t\t\t\t\t\t\t\t<div class=\"elementor-field-type-html elementor-field-group elementor-column elementor-field-group-field_d3bfdbc elementor-col-100\">\n\t\t\t\t\t<h5 style=\"font-weight:bold; color:#8AC2EB;font-size:20px;\" >\nInformaci\u00f3n sobre el siniestro\n<\/h5>\t\t\t\t<\/div>\n\t\t\t\t\t\t\t\t<div class=\"elementor-field-type-text elementor-field-group elementor-column elementor-field-group-fecha_conocimiento elementor-col-50 elementor-field-required\">\n\t\t\t\t\t\t\t\t\t\t\t\t<label for=\"form-field-fecha_conocimiento\" class=\"elementor-field-label\">\n\t\t\t\t\t\t\t\tFecha de conocimiento del hecho*\t\t\t\t\t\t\t<\/label>\n\t\t\t\t\t\t\t\t\t\t\t\t\t\t<input size=\"1\" type=\"text\" name=\"form_fields[fecha_conocimiento]\" id=\"form-field-fecha_conocimiento\" class=\"elementor-field elementor-size-sm  elementor-field-textual\" placeholder=\"Fecha de conocimiento del hecho*\" required=\"required\" aria-required=\"true\">\n\t\t\t\t\t\t\t\t\t\t\t<\/div>\n\t\t\t\t\t\t\t\t<div class=\"elementor-field-type-select elementor-field-group elementor-column elementor-field-group-tipo elementor-col-50 elementor-field-required\">\n\t\t\t\t\t\t\t\t\t\t\t\t<label for=\"form-field-tipo\" class=\"elementor-field-label\">\n\t\t\t\t\t\t\t\tTipo de Siniestro*\t\t\t\t\t\t\t<\/label>\n\t\t\t\t\t\t\t\t<div class=\"elementor-field elementor-select-wrapper remove-before \">\n\t\t\t<div class=\"select-caret-down-wrapper\">\n\t\t\t\t<svg aria-hidden=\"true\" class=\"e-font-icon-svg e-eicon-caret-down\" viewBox=\"0 0 571.4 571.4\" xmlns=\"http:\/\/www.w3.org\/2000\/svg\"><path d=\"M571 393Q571 407 561 418L311 668Q300 679 286 679T261 668L11 418Q0 407 0 393T11 368 36 357H536Q550 357 561 368T571 393Z\"><\/path><\/svg>\t\t\t<\/div>\n\t\t\t<select name=\"form_fields[tipo]\" id=\"form-field-tipo\" class=\"elementor-field-textual elementor-size-sm\" required=\"required\" aria-required=\"true\">\n\t\t\t\t\t\t\t\t\t<option value=\"Tipo de Siniestro*\">Tipo de Siniestro*<\/option>\n\t\t\t\t\t\t\t\t\t<option value=\"Da\u00f1o\">Da\u00f1o<\/option>\n\t\t\t\t\t\t\t\t\t<option value=\"Faltante\">Faltante<\/option>\n\t\t\t\t\t\t\t\t\t<option value=\"Robo\/Hurto\">Robo\/Hurto<\/option>\n\t\t\t\t\t\t\t\t\t<option value=\"Otro\">Otro<\/option>\n\t\t\t\t\t\t\t<\/select>\n\t\t<\/div>\n\t\t\t\t\t\t<\/div>\n\t\t\t\t\t\t\t\t<div class=\"elementor-field-type-text elementor-field-group elementor-column elementor-field-group-fecha_recepcion elementor-col-50 elementor-field-required\">\n\t\t\t\t\t\t\t\t\t\t\t\t<label for=\"form-field-fecha_recepcion\" class=\"elementor-field-label\">\n\t\t\t\t\t\t\t\tFecha de recepci\u00f3n de la carga de dep\u00f3sito \ufb01nal*\t\t\t\t\t\t\t<\/label>\n\t\t\t\t\t\t\t\t\t\t\t\t\t\t<input size=\"1\" type=\"text\" name=\"form_fields[fecha_recepcion]\" id=\"form-field-fecha_recepcion\" class=\"elementor-field elementor-size-sm  elementor-field-textual\" placeholder=\"Fecha de recepci\u00f3n de la carga de dep\u00f3sito \ufb01nal*\" required=\"required\" aria-required=\"true\">\n\t\t\t\t\t\t\t\t\t\t\t<\/div>\n\t\t\t\t\t\t\t\t<div class=\"elementor-field-type-text elementor-field-group elementor-column elementor-field-group-mercaderia elementor-col-50\">\n\t\t\t\t\t\t\t\t\t\t\t\t<label for=\"form-field-mercaderia\" class=\"elementor-field-label\">\n\t\t\t\t\t\t\t\tMercader\u00eda\t\t\t\t\t\t\t<\/label>\n\t\t\t\t\t\t\t\t\t\t\t\t\t\t<input size=\"1\" type=\"text\" name=\"form_fields[mercaderia]\" id=\"form-field-mercaderia\" class=\"elementor-field elementor-size-sm  elementor-field-textual\" placeholder=\"Mercader\u00eda\">\n\t\t\t\t\t\t\t\t\t\t\t<\/div>\n\t\t\t\t\t\t\t\t<div class=\"elementor-field-type-text elementor-field-group elementor-column elementor-field-group-monto elementor-col-50 elementor-field-required\">\n\t\t\t\t\t\t\t\t\t\t\t\t<label for=\"form-field-monto\" class=\"elementor-field-label\">\n\t\t\t\t\t\t\t\tMonto estimado en U$S*\t\t\t\t\t\t\t<\/label>\n\t\t\t\t\t\t\t\t\t\t\t\t\t\t<input size=\"1\" type=\"text\" name=\"form_fields[monto]\" id=\"form-field-monto\" class=\"elementor-field elementor-size-sm  elementor-field-textual\" placeholder=\"Monto estimado en U$S*\" required=\"required\" aria-required=\"true\">\n\t\t\t\t\t\t\t\t\t\t\t<\/div>\n\t\t\t\t\t\t\t\t<div class=\"elementor-field-type-textarea elementor-field-group elementor-column elementor-field-group-lugar_actual elementor-col-100\">\n\t\t\t\t\t\t\t\t\t\t\t\t<label for=\"form-field-lugar_actual\" class=\"elementor-field-label\">\n\t\t\t\t\t\t\t\tLugar en que se encuentra la mercader\u00eda actualmente\t\t\t\t\t\t\t<\/label>\n\t\t\t\t\t\t<textarea class=\"elementor-field-textual elementor-field  elementor-size-sm\" name=\"form_fields[lugar_actual]\" id=\"form-field-lugar_actual\" rows=\"4\" placeholder=\"Escriba aqu\u00ed\"><\/textarea>\t\t\t\t<\/div>\n\t\t\t\t\t\t\t\t<div class=\"elementor-field-type-textarea elementor-field-group elementor-column elementor-field-group-descripcion elementor-col-100\">\n\t\t\t\t\t\t\t\t\t\t\t\t<label for=\"form-field-descripcion\" class=\"elementor-field-label\">\n\t\t\t\t\t\t\t\tBreve descripci\u00f3n de lo sucedido\t\t\t\t\t\t\t<\/label>\n\t\t\t\t\t\t<textarea class=\"elementor-field-textual elementor-field  elementor-size-sm\" name=\"form_fields[descripcion]\" id=\"form-field-descripcion\" rows=\"4\" placeholder=\"Escriba aqu\u00ed \"><\/textarea>\t\t\t\t<\/div>\n\t\t\t\t\t\t\t\t<div class=\"elementor-field-type-recaptcha elementor-field-group elementor-column elementor-field-group-field_b067b74 elementor-col-100\">\n\t\t\t\t\t<div class=\"elementor-field\" id=\"form-field-field_b067b74\"><div class=\"elementor-g-recaptcha\" data-sitekey=\"6LfG9XgpAAAAAOlSnwpYb5jDJuS7xsuJj_zc76fx\" data-type=\"v2_checkbox\" data-theme=\"light\" data-size=\"normal\"><\/div><\/div>\t\t\t\t<\/div>\n\t\t\t\t\t\t\t\t<div class=\"elementor-field-group elementor-column elementor-field-type-submit elementor-col-20 e-form__buttons\">\n\t\t\t\t\t<button type=\"submit\" class=\"elementor-button elementor-size-sm\">\n\t\t\t\t\t\t<span >\n\t\t\t\t\t\t\t\t\t\t\t\t\t\t\t<span class=\" elementor-button-icon\">\n\t\t\t\t\t\t\t\t\t\t\t\t\t\t\t\t\t\t\t\t\t\t\t\t\t\t<\/span>\n\t\t\t\t\t\t\t\t\t\t\t\t\t\t\t\t\t\t\t\t\t\t<span class=\"elementor-button-text\">INGRESAR<\/span>\n\t\t\t\t\t\t\t\t\t\t\t\t\t<\/span>\n\t\t\t\t\t<\/button>\n\t\t\t\t<\/div>\n\t\t\t<\/div>\n\t\t<\/form>\n\t\t\t\t<\/div>\n\t\t\t\t<\/div>\n\t\t\t\t\t<\/div>\n\t\t\t\t<\/div>\n\t\t\t\t<\/div>\n\t\t","protected":false},"excerpt":{"rendered":"<p>[all-fields][field_1][field_2][field_3][field_4][field_5][field_6][field_7][field_8][field_9][field_10][field_11][field_12][field_13][field_14][field_15][field_16][field_17][field_18][field_19][field_20][field_21][field_22][field_23][field_24][field_25][field_26][field_27][field_28][field_29][field_30][field_31][field_32][field_33][field_34][field_35][field_36][field_37][field_38][field_39][field_40][field_41][field_42][field_43][field_44][field_45][field_46][field_47][field_48][field_49][field_50]<\/p>\n","protected":false},"author":1,"featured_media":0,"parent":0,"menu_order":0,"comment_status":"closed","ping_status":"closed","template":"elementor_header_footer","meta":{"_acf_changed":false,"footnotes":""},"class_list":["post-8654","page","type-page","status-publish","hentry"],"acf":[],"_links":{"self":[{"href":"https:\/\/viejaweb.assekuransa.com\/web2024\/wp-json\/wp\/v2\/pages\/8654","targetHints":{"allow":["GET"]}}],"collection":[{"href":"https:\/\/viejaweb.assekuransa.com\/web2024\/wp-json\/wp\/v2\/pages"}],"about":[{"href":"https:\/\/viejaweb.assekuransa.com\/web2024\/wp-json\/wp\/v2\/types\/page"}],"author":[{"embeddable":true,"href":"https:\/\/viejaweb.assekuransa.com\/web2024\/wp-json\/wp\/v2\/users\/1"}],"replies":[{"embeddable":true,"href":"https:\/\/viejaweb.assekuransa.com\/web2024\/wp-json\/wp\/v2\/comments?post=8654"}],"version-history":[{"count":4,"href":"https:\/\/viejaweb.assekuransa.com\/web2024\/wp-json\/wp\/v2\/pages\/8654\/revisions"}],"predecessor-version":[{"id":8660,"href":"https:\/\/viejaweb.assekuransa.com\/web2024\/wp-json\/wp\/v2\/pages\/8654\/revisions\/8660"}],"wp:attachment":[{"href":"https:\/\/viejaweb.assekuransa.com\/web2024\/wp-json\/wp\/v2\/media?parent=8654"}],"curies":[{"name":"wp","href":"https:\/\/api.w.org\/{rel}","templated":true}]}}